{"id":1438,"date":"2020-05-15T17:30:01","date_gmt":"2020-05-15T17:30:01","guid":{"rendered":"http:\/\/www.quintadavinha.pt\/produto\/guilhurro-tinto-escolha-vinhao\/"},"modified":"2020-08-31T15:48:30","modified_gmt":"2020-08-31T15:48:30","slug":"guilhurro-red-vinhao-escolha","status":"publish","type":"product","link":"https:\/\/www.quintadavinha.pt\/en\/produto\/guilhurro-red-vinhao-escolha\/","title":{"rendered":"Guilhurro Red Vinh\u00e3o Escolha"},"content":{"rendered":"<p>[vc_row equal_height=&#8221;yes&#8221; content_placement=&#8221;middle&#8221; css=&#8221;.vc_custom_1589562196630{padding-top: 0px !important;padding-bottom: 0px !important;background-color: #f2f2f2 !important;}&#8221;][vc_column css=&#8221;.vc_custom_1460636569719{padding: 20% !important;}&#8221; offset=&#8221;vc_col-lg-6 vc_col-md-6&#8243;]\n\t<div class=\"title-subtitle-box \" style=\" text-align: left;\">\n\t\t<p style=\"\">ESPECIFICA\u00c7\u00d5ES DO VINHO<\/p>\n\t\t<h1 style=\" font-weight: normal;\" >Notas do en\u00f3logo<\/h1>\n\t<\/div> [vc_column_text css=&#8221;.vc_custom_1598284362341{margin-bottom: 0px !important;}&#8221;]The Guilhurro brand comes with the annexation of Guilhufe and Urr\u00f4 parishes.<\/p>\n<p>Here, the vineyard is located, where the grapes of the Vinh\u00e3o grape variety are produced, resulting in a Red Wine.<\/p>\n<p>A full-bodied wine of ruby color, good aroma and flavor, elaborated by traditional methods, trodden by men in stone wineries , where it is fermented.[\/vc_column_text][\/vc_column][vc_column css=&#8221;.vc_custom_1589561800492{padding-top: 20% !important;padding-right: 20% !important;padding-bottom: 20% !important;padding-left: 20% !important;background-image: url(http:\/\/www.quintadavinha.pt\/wp-content\/uploads\/2020\/05\/quinta-da-vinha-galeria-12.jpg?id=1295) !important;background-position: center !important;background-repeat: no-repeat !important;background-size: cover !important;}&#8221; offset=&#8221;vc_col-lg-6 vc_col-md-6 vc_hidden-sm vc_hidden-xs&#8221;][vc_empty_space height=&#8221;350px&#8221;][\/vc_column][\/vc_row]<\/p>\n","protected":false},"excerpt":{"rendered":"<p>Guilhurro Red Escolha Vinh\u00e3o is a vinho verde exclusively elaborated from Vinh\u00e3o grape variety. Very concentrated in color, lively aroma of red fruits, with vegetable notes, good acidity. Goes well with Portuguese stew, roasted sardines and roasted.<\/p>\n","protected":false},"featured_media":1634,"template":"","meta":[],"product_brand":[],"product_cat":[53],"product_tag":[],"class_list":{"0":"post-1438","1":"product","2":"type-product","3":"status-publish","4":"has-post-thumbnail","6":"product_cat-red-wine","8":"first","9":"instock","10":"shipping-taxable","11":"product-type-simple"},"yoast_head":"<!-- This site is optimized with the Yoast SEO plugin v26.2 - https:\/\/yoast.com\/wordpress\/plugins\/seo\/ -->\n<title>Guilhurro Red Vinh\u00e3o Escolha - Quinta da Vinha<\/title>\n<meta name=\"robots\" content=\"index, follow, max-snippet:-1, max-image-preview:large, max-video-preview:-1\" \/>\n<link rel=\"canonical\" href=\"https:\/\/www.quintadavinha.pt\/produto\/guilhurro-tinto-vinhao-escolha\/\" \/>\n<meta property=\"og:locale\" content=\"en_US\" \/>\n<meta property=\"og:type\" content=\"article\" \/>\n<meta property=\"og:title\" content=\"Guilhurro Red Vinh\u00e3o Escolha - Quinta da Vinha\" \/>\n<meta property=\"og:description\" content=\"Guilhurro Red Escolha Vinh\u00e3o is a vinho verde exclusively elaborated from Vinh\u00e3o grape variety. Very concentrated in color, lively aroma of red fruits, with vegetable notes, good acidity. Goes well with Portuguese stew, roasted sardines and roasted.\" \/>\n<meta property=\"og:url\" content=\"https:\/\/www.quintadavinha.pt\/produto\/guilhurro-tinto-vinhao-escolha\/\" \/>\n<meta property=\"og:site_name\" content=\"Quinta da Vinha\" \/>\n<meta property=\"article:modified_time\" content=\"2020-08-31T15:48:30+00:00\" \/>\n<meta property=\"og:image\" content=\"https:\/\/www.quintadavinha.pt\/wp-content\/uploads\/2020\/05\/guilhurro-vinho-verde-vinhao.png\" \/>\n\t<meta property=\"og:image:width\" content=\"221\" \/>\n\t<meta property=\"og:image:height\" content=\"989\" \/>\n\t<meta property=\"og:image:type\" content=\"image\/png\" \/>\n<meta name=\"twitter:card\" content=\"summary_large_image\" \/>\n<meta name=\"twitter:label1\" content=\"Est. reading time\" \/>\n\t<meta name=\"twitter:data1\" content=\"1 minute\" \/>\n<script type=\"application\/ld+json\" class=\"yoast-schema-graph\">{\"@context\":\"https:\/\/schema.org\",\"@graph\":[{\"@type\":\"WebPage\",\"@id\":\"https:\/\/www.quintadavinha.pt\/produto\/guilhurro-tinto-vinhao-escolha\/\",\"url\":\"https:\/\/www.quintadavinha.pt\/produto\/guilhurro-tinto-vinhao-escolha\/\",\"name\":\"Guilhurro Red Vinh\u00e3o Escolha - Quinta da Vinha\",\"isPartOf\":{\"@id\":\"https:\/\/www.quintadavinha.pt\/#website\"},\"primaryImageOfPage\":{\"@id\":\"https:\/\/www.quintadavinha.pt\/produto\/guilhurro-tinto-vinhao-escolha\/#primaryimage\"},\"image\":{\"@id\":\"https:\/\/www.quintadavinha.pt\/produto\/guilhurro-tinto-vinhao-escolha\/#primaryimage\"},\"thumbnailUrl\":\"https:\/\/www.quintadavinha.pt\/wp-content\/uploads\/2020\/05\/guilhurro-vinho-verde-vinhao.png\",\"datePublished\":\"2020-05-15T17:30:01+00:00\",\"dateModified\":\"2020-08-31T15:48:30+00:00\",\"breadcrumb\":{\"@id\":\"https:\/\/www.quintadavinha.pt\/produto\/guilhurro-tinto-vinhao-escolha\/#breadcrumb\"},\"inLanguage\":\"en-US\",\"potentialAction\":[{\"@type\":\"ReadAction\",\"target\":[\"https:\/\/www.quintadavinha.pt\/produto\/guilhurro-tinto-vinhao-escolha\/\"]}]},{\"@type\":\"ImageObject\",\"inLanguage\":\"en-US\",\"@id\":\"https:\/\/www.quintadavinha.pt\/produto\/guilhurro-tinto-vinhao-escolha\/#primaryimage\",\"url\":\"https:\/\/www.quintadavinha.pt\/wp-content\/uploads\/2020\/05\/guilhurro-vinho-verde-vinhao.png\",\"contentUrl\":\"https:\/\/www.quintadavinha.pt\/wp-content\/uploads\/2020\/05\/guilhurro-vinho-verde-vinhao.png\",\"width\":221,\"height\":989},{\"@type\":\"BreadcrumbList\",\"@id\":\"https:\/\/www.quintadavinha.pt\/produto\/guilhurro-tinto-vinhao-escolha\/#breadcrumb\",\"itemListElement\":[{\"@type\":\"ListItem\",\"position\":1,\"name\":\"In\u00edcio\",\"item\":\"https:\/\/www.quintadavinha.pt\/en\/\"},{\"@type\":\"ListItem\",\"position\":2,\"name\":\"Wines\",\"item\":\"https:\/\/www.quintadavinha.pt\/vinhos\/\"},{\"@type\":\"ListItem\",\"position\":3,\"name\":\"Guilhurro Red Vinh\u00e3o Escolha\"}]},{\"@type\":\"WebSite\",\"@id\":\"https:\/\/www.quintadavinha.pt\/#website\",\"url\":\"https:\/\/www.quintadavinha.pt\/\",\"name\":\"Quinta da Vinha\",\"description\":\"Uma refer\u00eancia de Qualidade\",\"potentialAction\":[{\"@type\":\"SearchAction\",\"target\":{\"@type\":\"EntryPoint\",\"urlTemplate\":\"https:\/\/www.quintadavinha.pt\/?s={search_term_string}\"},\"query-input\":{\"@type\":\"PropertyValueSpecification\",\"valueRequired\":true,\"valueName\":\"search_term_string\"}}],\"inLanguage\":\"en-US\"}]}<\/script>\n<!-- \/ Yoast SEO plugin. -->","yoast_head_json":{"title":"Guilhurro Red Vinh\u00e3o Escolha - Quinta da Vinha","robots":{"index":"index","follow":"follow","max-snippet":"max-snippet:-1","max-image-preview":"max-image-preview:large","max-video-preview":"max-video-preview:-1"},"canonical":"https:\/\/www.quintadavinha.pt\/produto\/guilhurro-tinto-vinhao-escolha\/","og_locale":"en_US","og_type":"article","og_title":"Guilhurro Red Vinh\u00e3o Escolha - Quinta da Vinha","og_description":"Guilhurro Red Escolha Vinh\u00e3o is a vinho verde exclusively elaborated from Vinh\u00e3o grape variety. Very concentrated in color, lively aroma of red fruits, with vegetable notes, good acidity. Goes well with Portuguese stew, roasted sardines and roasted.","og_url":"https:\/\/www.quintadavinha.pt\/produto\/guilhurro-tinto-vinhao-escolha\/","og_site_name":"Quinta da Vinha","article_modified_time":"2020-08-31T15:48:30+00:00","og_image":[{"width":221,"height":989,"url":"https:\/\/www.quintadavinha.pt\/wp-content\/uploads\/2020\/05\/guilhurro-vinho-verde-vinhao.png","type":"image\/png"}],"twitter_card":"summary_large_image","twitter_misc":{"Est. reading time":"1 minute"},"schema":{"@context":"https:\/\/schema.org","@graph":[{"@type":"WebPage","@id":"https:\/\/www.quintadavinha.pt\/produto\/guilhurro-tinto-vinhao-escolha\/","url":"https:\/\/www.quintadavinha.pt\/produto\/guilhurro-tinto-vinhao-escolha\/","name":"Guilhurro Red Vinh\u00e3o Escolha - Quinta da Vinha","isPartOf":{"@id":"https:\/\/www.quintadavinha.pt\/#website"},"primaryImageOfPage":{"@id":"https:\/\/www.quintadavinha.pt\/produto\/guilhurro-tinto-vinhao-escolha\/#primaryimage"},"image":{"@id":"https:\/\/www.quintadavinha.pt\/produto\/guilhurro-tinto-vinhao-escolha\/#primaryimage"},"thumbnailUrl":"https:\/\/www.quintadavinha.pt\/wp-content\/uploads\/2020\/05\/guilhurro-vinho-verde-vinhao.png","datePublished":"2020-05-15T17:30:01+00:00","dateModified":"2020-08-31T15:48:30+00:00","breadcrumb":{"@id":"https:\/\/www.quintadavinha.pt\/produto\/guilhurro-tinto-vinhao-escolha\/#breadcrumb"},"inLanguage":"en-US","potentialAction":[{"@type":"ReadAction","target":["https:\/\/www.quintadavinha.pt\/produto\/guilhurro-tinto-vinhao-escolha\/"]}]},{"@type":"ImageObject","inLanguage":"en-US","@id":"https:\/\/www.quintadavinha.pt\/produto\/guilhurro-tinto-vinhao-escolha\/#primaryimage","url":"https:\/\/www.quintadavinha.pt\/wp-content\/uploads\/2020\/05\/guilhurro-vinho-verde-vinhao.png","contentUrl":"https:\/\/www.quintadavinha.pt\/wp-content\/uploads\/2020\/05\/guilhurro-vinho-verde-vinhao.png","width":221,"height":989},{"@type":"BreadcrumbList","@id":"https:\/\/www.quintadavinha.pt\/produto\/guilhurro-tinto-vinhao-escolha\/#breadcrumb","itemListElement":[{"@type":"ListItem","position":1,"name":"In\u00edcio","item":"https:\/\/www.quintadavinha.pt\/en\/"},{"@type":"ListItem","position":2,"name":"Wines","item":"https:\/\/www.quintadavinha.pt\/vinhos\/"},{"@type":"ListItem","position":3,"name":"Guilhurro Red Vinh\u00e3o Escolha"}]},{"@type":"WebSite","@id":"https:\/\/www.quintadavinha.pt\/#website","url":"https:\/\/www.quintadavinha.pt\/","name":"Quinta da Vinha","description":"Uma refer\u00eancia de Qualidade","potentialAction":[{"@type":"SearchAction","target":{"@type":"EntryPoint","urlTemplate":"https:\/\/www.quintadavinha.pt\/?s={search_term_string}"},"query-input":{"@type":"PropertyValueSpecification","valueRequired":true,"valueName":"search_term_string"}}],"inLanguage":"en-US"}]}},"_links":{"self":[{"href":"https:\/\/www.quintadavinha.pt\/en\/wp-json\/wp\/v2\/product\/1438","targetHints":{"allow":["GET"]}}],"collection":[{"href":"https:\/\/www.quintadavinha.pt\/en\/wp-json\/wp\/v2\/product"}],"about":[{"href":"https:\/\/www.quintadavinha.pt\/en\/wp-json\/wp\/v2\/types\/product"}],"wp:featuredmedia":[{"embeddable":true,"href":"https:\/\/www.quintadavinha.pt\/en\/wp-json\/wp\/v2\/media\/1634"}],"wp:attachment":[{"href":"https:\/\/www.quintadavinha.pt\/en\/wp-json\/wp\/v2\/media?parent=1438"}],"wp:term":[{"taxonomy":"product_brand","embeddable":true,"href":"https:\/\/www.quintadavinha.pt\/en\/wp-json\/wp\/v2\/product_brand?post=1438"},{"taxonomy":"product_cat","embeddable":true,"href":"https:\/\/www.quintadavinha.pt\/en\/wp-json\/wp\/v2\/product_cat?post=1438"},{"taxonomy":"product_tag","embeddable":true,"href":"https:\/\/www.quintadavinha.pt\/en\/wp-json\/wp\/v2\/product_tag?post=1438"}],"curies":[{"name":"wp","href":"https:\/\/api.w.org\/{rel}","templated":true}]}}